{"id":5368,"date":"2022-01-19T17:52:16","date_gmt":"2022-01-20T01:52:16","guid":{"rendered":"https:\/\/wt.ax\/hubhood_services_devclient1_5_0\/add-listing\/"},"modified":"2026-04-07T04:40:13","modified_gmt":"2026-04-07T04:40:13","slug":"add-listing","status":"publish","type":"page","link":"https:\/\/gasolinerasmx.com\/hub\/add-listing\/","title":{"rendered":"Add Listing"},"content":{"rendered":"\t\t<form method=\"post\" id=\"job_package_selection\">\n\t\t\t<div class=\"job_listing_packages_title\">\n\t\t\t\t<input type=\"submit\" name=\"continue\" class=\"button\" value=\"Detalles de la oferta \u2192\" \/>\n\t\t\t\t<input type=\"hidden\" name=\"job_id\" value=\"0\" \/>\n\t\t\t\t<input type=\"hidden\" name=\"step\" value=\"0\" \/>\n\t\t\t\t<input type=\"hidden\" name=\"job_manager_form\" value=\"submit-job\" \/>\n\t\t\t\t<h2>Elige un paquete<\/h2>\n\t\t\t<\/div>\n\t\t\t<div class=\"job_listing_packages\">\n\t\t\t\t\t\n\t\t<div class=\"hubhood-widget-pricing-packages hubhood-dark-pricing-table\">\n\t\t\t<div class=\"container\">\n\t\t\t\t<div class=\"row\">\n\t\t\t\t\t<div class=\"col-sm-12\">\n\t\t\t\t\t\t<div class=\"hubhood-section-title-wrapper\">\n\t\t\t\t\t\t\t<h2 class=\"hubhood-section-title hubhood-last-word-color\">\n\t\t\t\t\t\t\t\tSelect Package:\t\t\t\t\t\t\t<\/h2>\n\t\t\t\t\t\t<\/div>\n\t\t\t\t\t<\/div>\n\t\t\t\t<\/div>\n\t\t\t<\/div>\n\n\t\t\t<div class=\"hubhood-terms-wrapper hubhood-pricings hubhood-available-packages\">\n\t\t\t\t<div class=\"container hubhood-terms-inner\">\n\t\t\t\t\t<div class=\"row hubhood-terms-wrapper hubhood-negative-margin-gutter-bottom hubhood-pricing-table hubhood-pricing-page\">\n\t\t\t\t\t\t\n\t\t\t\t\t\t\t\t<div class=\"hubhood-package-standard-form hubhood-pricing-card hubhood-listing-package hubhood-term-content-wrapper hubhood-margin-gutter-bottom hubhood-no-inner-shadow hubhood-price-design-2 col-xl-3 col-lg-6 col-md-6 col-sm-12 hubhood-pricing-card-dark\">\n\t\t\t\t\t\t\t\t\t<div class=\"hubhood-term-inner hubhood-padding-gutter hubhood-default-rounded-corners hubhood-package-content hubhood-package-clickable-area\">\n\t\t\t\t\t\t\t\t\t\t<a data-package=\"34\" class=\"hubhood-package-clickable-area hubhood-term-link\" href=\"https:\/\/gasolinerasmx.com\/hub\/add-listing\/#skip-package-selection-34\"><\/a>\n\n\t\t\t\t\t\t\t\t\t\t\t\t\t\t\t\t\t\t\t\t<h4 class=\"hubhood-pricing-package-title hubhood-text-center\">\n\t\t\t\t\t\t\t\t\t\t\t3 meses - Lanzamiento\t\t\t\t\t\t\t\t\t\t<\/h4>\n\n\t\t\t\t\t\t\t\t\t\t\t\t\t\t\t\t\t\t\t\t\t<div class=\"hubhood-price-card-subtitle hubhood-text-center\">\n\t\t\t\t\t\t\t\t\t\t\t\t<p>Ideal para proveedores que desean iniciar su presencia en el HUB con perfil empresarial, generaci\u00f3n de leads calificados, enlace a su sitio web y visibilidad dentro del sector gasolinero en M\u00e9xico durante 90 d\u00edas.<\/p>\n\t\t\t\t\t\t\t\t\t\t\t<\/div>\n\t\t\t\t\t\t\t\t\t\t\n\t\t\t\t\t\t\t\t\t\t<div class=\"hubhood-price-wrapper hubhood-text-center\">\n\t\t\t\t\t\t\t\t\t\t\t<div class=\"hubhood-price-inner\">\n\t\t\t\t\t\t\t\t\t\t\t\t<div class=\"hubhood-price-val\">\n\t\t\t\t\t\t\t\t\t\t\t\t\t<div><div>\n\t\t\t\t\t\t\t\t\t\t\t\t\t\t<div class=\"hubhood-current-price\"><span class=\"hubhood-older-price-currency\">&#036;<\/span>4,900<\/div>\t\t\t\t\t\t\t\t\t\t\t\t\t<\/div><\/div>\n\t\t\t\t\t\t\t\t\t\t\t\t<\/div>\n\t\t\t\t\t\t\t\t\t\t\t<\/div>\n\t\t\t\t\t\t\t\t\t\t<\/div>\n\t\t\t\t\t\t\t\t\t\t<div class=\"hubhood-price-features-list\">\n\t\t\t\t\t\t\t\t\t\t\t<p><br data-mce-bogus=\"1\"><\/p>\n<p><\/p>\n<p><\/p>\n<p class=\"hubhood-has-icon fas fa-check-circle\">01 Listing<\/p>\t\t\t\t\t\t\t\t\t\t\t\t\t<p class=\"hubhood-has-icon fas fa-clock\">Expires in 90 days<\/p>\n\t\t\t\t\t\t\t\t\t\t\t\t\t\t\t\t\t\t\t\t\t\t\t<\/div>\n\t\t\t\t\t\t\t\t\t\t<div class=\"hubhood-button hubhood-button-light hubhood-button-outline hubhood-button-tiny-border\">\n\t\t\t\t\t\t\t\t\t\t\t<input class=\"d-none\" type=\"radio\"  name=\"job_package\" value=\"34\" id=\"package-34\" \/>\n\t\t\t\t\t\t\t\t\t\t\t<input type=\"hidden\" name=\"listing_type\" value=\"\" \/>\n\t\t\t\t\t\t\t\t\t\t\tGet Started\t\t\t\t\t\t\t\t\t\t<\/div>\n\t\t\t\t\t\t\t\t\t<\/div>\n\t\t\t\t\t\t\t\t<\/div>\n\t\t\t\t\t\t\t\t\n\t\t\t\t\t\t\t\t<div class=\"hubhood-package-standard-form hubhood-pricing-card hubhood-listing-package hubhood-term-content-wrapper hubhood-margin-gutter-bottom hubhood-no-inner-shadow hubhood-price-design-2 col-xl-3 col-lg-6 col-md-6 col-sm-12 hubhood-pricing-card-dark\">\n\t\t\t\t\t\t\t\t\t<div class=\"hubhood-term-inner hubhood-padding-gutter hubhood-default-rounded-corners hubhood-package-content hubhood-package-clickable-area\">\n\t\t\t\t\t\t\t\t\t\t<a data-package=\"35\" class=\"hubhood-package-clickable-area hubhood-term-link\" href=\"https:\/\/gasolinerasmx.com\/hub\/add-listing\/#skip-package-selection-35\"><\/a>\n\n\t\t\t\t\t\t\t\t\t\t\t\t\t\t\t\t\t\t\t\t<h4 class=\"hubhood-pricing-package-title hubhood-text-center\">\n\t\t\t\t\t\t\t\t\t\t\t6 meses - Crecimiento\t\t\t\t\t\t\t\t\t\t<\/h4>\n\n\t\t\t\t\t\t\t\t\t\t\t\t\t\t\t\t\t\t\t\t\t<div class=\"hubhood-price-card-subtitle hubhood-text-center\">\n\t\t\t\t\t\t\t\t\t\t\t\t<p>Perfecto para empresas que buscan mayor visibilidad en el HUB con hasta 3 enlaces estrat\u00e9gicos a perfiles, servicios o landing pages, posicionamiento destacado y generaci\u00f3n constante de leads calificados durante 180 d\u00edas.<\/p>\n\t\t\t\t\t\t\t\t\t\t\t<\/div>\n\t\t\t\t\t\t\t\t\t\t\n\t\t\t\t\t\t\t\t\t\t<div class=\"hubhood-price-wrapper hubhood-text-center\">\n\t\t\t\t\t\t\t\t\t\t\t<div class=\"hubhood-price-inner\">\n\t\t\t\t\t\t\t\t\t\t\t\t<div class=\"hubhood-price-val\">\n\t\t\t\t\t\t\t\t\t\t\t\t\t<div><div>\n\t\t\t\t\t\t\t\t\t\t\t\t\t\t<div class=\"hubhood-current-price\"><span class=\"hubhood-older-price-currency\">&#036;<\/span>8,900<\/div>\t\t\t\t\t\t\t\t\t\t\t\t\t<\/div><\/div>\n\t\t\t\t\t\t\t\t\t\t\t\t<\/div>\n\t\t\t\t\t\t\t\t\t\t\t<\/div>\n\t\t\t\t\t\t\t\t\t\t<\/div>\n\t\t\t\t\t\t\t\t\t\t<div class=\"hubhood-price-features-list\">\n\t\t\t\t\t\t\t\t\t\t\t<p><br data-mce-bogus=\"1\"><\/p>\n<p class=\"hubhood-has-icon fas fa-check-circle\">03 Listings<\/p>\t\t\t\t\t\t\t\t\t\t\t\t\t<p class=\"hubhood-has-icon fas fa-clock\">Expires in 180 days<\/p>\n\t\t\t\t\t\t\t\t\t\t\t\t\t\t\t\t\t\t\t\t\t\t\t<\/div>\n\t\t\t\t\t\t\t\t\t\t<div class=\"hubhood-button hubhood-button-light hubhood-button-outline hubhood-button-tiny-border\">\n\t\t\t\t\t\t\t\t\t\t\t<input class=\"d-none\" type=\"radio\"  name=\"job_package\" value=\"35\" id=\"package-35\" \/>\n\t\t\t\t\t\t\t\t\t\t\t<input type=\"hidden\" name=\"listing_type\" value=\"\" \/>\n\t\t\t\t\t\t\t\t\t\t\tGet Started\t\t\t\t\t\t\t\t\t\t<\/div>\n\t\t\t\t\t\t\t\t\t<\/div>\n\t\t\t\t\t\t\t\t<\/div>\n\t\t\t\t\t\t\t\t\n\t\t\t\t\t\t\t\t<div class=\"hubhood-package-standard-form hubhood-pricing-card hubhood-listing-package hubhood-term-content-wrapper hubhood-margin-gutter-bottom hubhood-no-inner-shadow hubhood-price-design-2 col-xl-3 col-lg-6 col-md-6 col-sm-12 hubhood-pricing-card-featured\">\n\t\t\t\t\t\t\t\t\t<div class=\"hubhood-term-inner hubhood-padding-gutter hubhood-default-rounded-corners hubhood-package-content hubhood-package-clickable-area\">\n\t\t\t\t\t\t\t\t\t\t<a data-package=\"236\" class=\"hubhood-package-clickable-area hubhood-term-link\" href=\"https:\/\/gasolinerasmx.com\/hub\/add-listing\/#skip-package-selection-236\"><\/a>\n\n\t\t\t\t\t\t\t\t\t\t<div class=\"hubhood-featured-ribbon\">popular<\/div>\t\t\t\t\t\t\t\t\t\t<h4 class=\"hubhood-pricing-package-title hubhood-text-center\">\n\t\t\t\t\t\t\t\t\t\t\t12 meses - Presencia Anual\t\t\t\t\t\t\t\t\t\t<\/h4>\n\n\t\t\t\t\t\t\t\t\t\t\t\t\t\t\t\t\t\t\t\t\t<div class=\"hubhood-price-card-subtitle hubhood-text-center\">\n\t\t\t\t\t\t\t\t\t\t\t\t<p>Dise\u00f1ado para proveedores l\u00edderes del sector que buscan m\u00e1xima exposici\u00f3n anual con hasta 10 perfiles, enlaces estrat\u00e9gicos a m\u00faltiples servicios, prioridad en categor\u00edas, branding premium, presencia destacada en banners y generaci\u00f3n intensiva de oportunidades B2B.<\/p>\n\t\t\t\t\t\t\t\t\t\t\t<\/div>\n\t\t\t\t\t\t\t\t\t\t\n\t\t\t\t\t\t\t\t\t\t<div class=\"hubhood-price-wrapper hubhood-text-center\">\n\t\t\t\t\t\t\t\t\t\t\t<div class=\"hubhood-price-inner\">\n\t\t\t\t\t\t\t\t\t\t\t\t<div class=\"hubhood-price-val\">\n\t\t\t\t\t\t\t\t\t\t\t\t\t<div><div>\n\t\t\t\t\t\t\t\t\t\t\t\t\t\t<div class=\"hubhood-current-price\"><span class=\"hubhood-older-price-currency\">&#036;<\/span>16,900<\/div>\t\t\t\t\t\t\t\t\t\t\t\t\t<\/div><\/div>\n\t\t\t\t\t\t\t\t\t\t\t\t<\/div>\n\t\t\t\t\t\t\t\t\t\t\t<\/div>\n\t\t\t\t\t\t\t\t\t\t<\/div>\n\t\t\t\t\t\t\t\t\t\t<div class=\"hubhood-price-features-list\">\n\t\t\t\t\t\t\t\t\t\t\t<p><\/p>\n<p class=\"fas fa-plus-circle\">Standard Features<\/p>\n<p><\/p>\n<p><\/p>\n<p><\/p>\n<p class=\"hubhood-has-icon fas fa-check-circle\">10 Listings<\/p>\t\t\t\t\t\t\t\t\t\t\t\t\t<p class=\"hubhood-has-icon fas fa-clock\">Expires in 365 days<\/p>\n\t\t\t\t\t\t\t\t\t\t\t\t\t\t\t\t\t\t\t\t\t\t\t<\/div>\n\t\t\t\t\t\t\t\t\t\t<div class=\"hubhood-button hubhood-button-color\">\n\t\t\t\t\t\t\t\t\t\t\t<input class=\"d-none\" type=\"radio\"  name=\"job_package\" value=\"236\" id=\"package-236\" \/>\n\t\t\t\t\t\t\t\t\t\t\t<input type=\"hidden\" name=\"listing_type\" value=\"\" \/>\n\t\t\t\t\t\t\t\t\t\t\tGet Started\t\t\t\t\t\t\t\t\t\t<\/div>\n\t\t\t\t\t\t\t\t\t<\/div>\n\t\t\t\t\t\t\t\t<\/div>\n\t\t\t\t\t\t\t\t\n\t\t\t\t\t\t\t\t<div class=\"hubhood-package-standard-form hubhood-pricing-card hubhood-listing-package hubhood-term-content-wrapper hubhood-margin-gutter-bottom hubhood-no-inner-shadow hubhood-price-design-2 col-xl-3 col-lg-6 col-md-6 col-sm-12 hubhood-pricing-card-dark\">\n\t\t\t\t\t\t\t\t\t<div class=\"hubhood-term-inner hubhood-padding-gutter hubhood-default-rounded-corners hubhood-package-content hubhood-package-clickable-area\">\n\t\t\t\t\t\t\t\t\t\t<a data-package=\"237\" class=\"hubhood-package-clickable-area hubhood-term-link\" href=\"https:\/\/gasolinerasmx.com\/hub\/add-listing\/#skip-package-selection-237\"><\/a>\n\n\t\t\t\t\t\t\t\t\t\t\t\t\t\t\t\t\t\t\t\t<h4 class=\"hubhood-pricing-package-title hubhood-text-center\">\n\t\t\t\t\t\t\t\t\t\t\t24 meses - Socio Fundador\t\t\t\t\t\t\t\t\t\t<\/h4>\n\n\t\t\t\t\t\t\t\t\t\t\t\t\t\t\t\t\t\t\t\t\t<div class=\"hubhood-price-card-subtitle hubhood-text-center\">\n\t\t\t\t\t\t\t\t\t\t\t\t<p>La membres\u00eda insignia del HUB para marcas l\u00edderes del sector gasolinero: perfiles pr\u00e1cticamente ilimitados, m\u00e1xima visibilidad, banners premium, espacios patrocinados, enlaces estrat\u00e9gicos a servicios, landings y sitios corporativos, prioridad absoluta en categor\u00edas y acceso preferencial a oportunidades comerciales B2B durante 24 meses.<\/p>\n\t\t\t\t\t\t\t\t\t\t\t<\/div>\n\t\t\t\t\t\t\t\t\t\t\n\t\t\t\t\t\t\t\t\t\t<div class=\"hubhood-price-wrapper hubhood-text-center\">\n\t\t\t\t\t\t\t\t\t\t\t<div class=\"hubhood-price-inner\">\n\t\t\t\t\t\t\t\t\t\t\t\t<div class=\"hubhood-price-val\">\n\t\t\t\t\t\t\t\t\t\t\t\t\t<div><div>\n\t\t\t\t\t\t\t\t\t\t\t\t\t\t<div class=\"hubhood-current-price\"><span class=\"hubhood-older-price-currency\">&#036;<\/span>29,900<\/div>\t\t\t\t\t\t\t\t\t\t\t\t\t<\/div><\/div>\n\t\t\t\t\t\t\t\t\t\t\t\t<\/div>\n\t\t\t\t\t\t\t\t\t\t\t<\/div>\n\t\t\t\t\t\t\t\t\t\t<\/div>\n\t\t\t\t\t\t\t\t\t\t<div class=\"hubhood-price-features-list\">\n\t\t\t\t\t\t\t\t\t\t\t<p><\/p>\n<p class=\"fas fa-plus-circle\">Premium Features<\/p>\n<p><\/p>\n<p class=\"hubhood-has-icon fas fa-check-circle\">999 Listings<\/p>\t\t\t\t\t\t\t\t\t\t\t\t\t\t<p class=\"hubhood-has-icon fas fa-star\">Get Featured<\/p>\n\t\t\t\t\t\t\t\t\t\t\t\t\t\t\t\t\t\t\t\t\t\t\t\t\t\t\t<p class=\"hubhood-has-icon fas fa-clock\">Expires in 730 days<\/p>\n\t\t\t\t\t\t\t\t\t\t\t\t\t\t\t\t\t\t\t\t\t\t\t<\/div>\n\t\t\t\t\t\t\t\t\t\t<div class=\"hubhood-button hubhood-button-light hubhood-button-outline hubhood-button-tiny-border\">\n\t\t\t\t\t\t\t\t\t\t\t<input class=\"d-none\" type=\"radio\"  name=\"job_package\" value=\"237\" id=\"package-237\" \/>\n\t\t\t\t\t\t\t\t\t\t\t<input type=\"hidden\" name=\"listing_type\" value=\"\" \/>\n\t\t\t\t\t\t\t\t\t\t\tGet Started\t\t\t\t\t\t\t\t\t\t<\/div>\n\t\t\t\t\t\t\t\t\t<\/div>\n\t\t\t\t\t\t\t\t<\/div>\n\t\t\t\t\t\t\t\t\t\t\t\t\t<\/div>\n\t\t\t\t<\/div>\n\t\t\t<\/div>\n\t\t<\/div>\n\n\t\t\t\t\t<\/div>\n\t\t<\/form>\n\t\t\n","protected":false},"excerpt":{"rendered":"","protected":false},"author":1,"featured_media":2338,"parent":0,"menu_order":0,"comment_status":"closed","ping_status":"closed","template":"","meta":{"footnotes":""},"class_list":["post-5368","page","type-page","status-publish","has-post-thumbnail","hentry"],"_links":{"self":[{"href":"https:\/\/gasolinerasmx.com\/hub\/wp-json\/wp\/v2\/pages\/5368","targetHints":{"allow":["GET"]}}],"collection":[{"href":"https:\/\/gasolinerasmx.com\/hub\/wp-json\/wp\/v2\/pages"}],"about":[{"href":"https:\/\/gasolinerasmx.com\/hub\/wp-json\/wp\/v2\/types\/page"}],"author":[{"embeddable":true,"href":"https:\/\/gasolinerasmx.com\/hub\/wp-json\/wp\/v2\/users\/1"}],"replies":[{"embeddable":true,"href":"https:\/\/gasolinerasmx.com\/hub\/wp-json\/wp\/v2\/comments?post=5368"}],"version-history":[{"count":1,"href":"https:\/\/gasolinerasmx.com\/hub\/wp-json\/wp\/v2\/pages\/5368\/revisions"}],"predecessor-version":[{"id":5375,"href":"https:\/\/gasolinerasmx.com\/hub\/wp-json\/wp\/v2\/pages\/5368\/revisions\/5375"}],"wp:featuredmedia":[{"embeddable":true,"href":"https:\/\/gasolinerasmx.com\/hub\/wp-json\/wp\/v2\/media\/2338"}],"wp:attachment":[{"href":"https:\/\/gasolinerasmx.com\/hub\/wp-json\/wp\/v2\/media?parent=5368"}],"curies":[{"name":"wp","href":"https:\/\/api.w.org\/{rel}","templated":true}]}}